{"id":1140,"date":"2023-03-10T15:45:33","date_gmt":"2023-03-10T14:45:33","guid":{"rendered":"https:\/\/impactnavigator.de\/?post_type=product&#038;p=1140"},"modified":"2025-10-10T01:44:49","modified_gmt":"2025-10-09T23:44:49","slug":"impactnavigator-spiel","status":"publish","type":"product","link":"https:\/\/impactnavigator.de\/?product=impactnavigator-spiel","title":{"rendered":"impactnavigator-Spiel"},"content":{"rendered":"<p>Lieferumfang:<\/p>\n<ul>\n<li>impactnavigator Box<\/li>\n<li>impactnavigator Spielbrett<\/li>\n<li>55 impactnavigator Karten inkl. Kartenbox<\/li>\n<li>Sanduhr<\/li>\n<li>4 Spielfiguren<\/li>\n<li>Aktions-W\u00fcrfel<\/li>\n<\/ul>\n<p>Das impactnavigator-Spiel ist nur f\u00fcr Fraunhofer-Institute bestellbar. Bestellungen, die nicht von Fraunhofer-Instituten get\u00e4tigt werden, werden nicht bearbeitet. Die Bestellung wird \u00fcber die interne Leistungsverrechnung und das PSP-Element, welches Sie bei der Bestellung angegeben haben, abgerechnet. Die Kosten setzen sich ausschlie\u00dflich aus den Produktionskosten der Kleinserie zusammen. Bei der Bestellung handelt es sich um eine Vorbestellung. Wir informieren Sie, sobald die Bestellung abgewickelt werden kann.<\/p>\n","protected":false},"excerpt":{"rendered":"<p>Das Impactnavigator-Spiel hilft Euch bei der Erarbeitung neuer Ans\u00e4tze zur Vergr\u00f6\u00dferung des Impacts Eurer Forschungsprojekte.<\/p>\n","protected":false},"featured_media":1141,"comment_status":"open","ping_status":"closed","template":"","meta":[],"product_cat":[32],"product_tag":[],"class_list":{"0":"post-1140","1":"product","2":"type-product","3":"status-publish","4":"has-post-thumbnail","6":"product_cat-spiele","8":"first","9":"instock","10":"sale","11":"taxable","12":"shipping-taxable","13":"purchasable","14":"product-type-simple"},"acf":[],"yoast_head":"<!-- This site is optimized with the Yoast SEO plugin v20.3 - https:\/\/yoast.com\/wordpress\/plugins\/seo\/ -->\n<title>impactnavigator-Spiel &ndash; impactnavigator<\/title>\n<meta name=\"robots\" content=\"index, follow, max-snippet:-1, max-image-preview:large, max-video-preview:-1\" \/>\n<link rel=\"canonical\" href=\"https:\/\/impactnavigator.de\/?product=impactnavigator-spiel\" \/>\n<meta property=\"og:locale\" content=\"en_US\" \/>\n<meta property=\"og:type\" content=\"article\" \/>\n<meta property=\"og:title\" content=\"impactnavigator-Spiel &ndash; impactnavigator\" \/>\n<meta property=\"og:description\" content=\"Das Impactnavigator-Spiel hilft Euch bei der Erarbeitung neuer Ans\u00e4tze zur Vergr\u00f6\u00dferung des Impacts Eurer Forschungsprojekte.\" \/>\n<meta property=\"og:url\" content=\"https:\/\/impactnavigator.de\/?product=impactnavigator-spiel\" \/>\n<meta property=\"og:site_name\" content=\"impactnavigator\" \/>\n<meta property=\"article:modified_time\" content=\"2025-10-09T23:44:49+00:00\" \/>\n<meta property=\"og:image\" content=\"https:\/\/impactnavigator.de\/wp-content\/uploads\/2023\/03\/Impactnavigator_Spielbrett.png\" \/>\n\t<meta property=\"og:image:width\" content=\"3543\" \/>\n\t<meta property=\"og:image:height\" content=\"3543\" \/>\n\t<meta property=\"og:image:type\" content=\"image\/png\" \/>\n<meta name=\"twitter:card\" content=\"summary_large_image\" \/>\n<meta name=\"twitter:label1\" content=\"Est. reading time\" \/>\n\t<meta name=\"twitter:data1\" content=\"1 minute\" \/>\n<script type=\"application\/ld+json\" class=\"yoast-schema-graph\">{\"@context\":\"https:\/\/schema.org\",\"@graph\":[{\"@type\":\"WebPage\",\"@id\":\"https:\/\/impactnavigator.de\/?product=impactnavigator-spiel\",\"url\":\"https:\/\/impactnavigator.de\/?product=impactnavigator-spiel\",\"name\":\"impactnavigator-Spiel &ndash; impactnavigator\",\"isPartOf\":{\"@id\":\"https:\/\/impactnavigator.de\/#website\"},\"datePublished\":\"2023-03-10T14:45:33+00:00\",\"dateModified\":\"2025-10-09T23:44:49+00:00\",\"breadcrumb\":{\"@id\":\"https:\/\/impactnavigator.de\/?product=impactnavigator-spiel#breadcrumb\"},\"inLanguage\":\"en-US\",\"potentialAction\":[{\"@type\":\"ReadAction\",\"target\":[\"https:\/\/impactnavigator.de\/?product=impactnavigator-spiel\"]}]},{\"@type\":\"BreadcrumbList\",\"@id\":\"https:\/\/impactnavigator.de\/?product=impactnavigator-spiel#breadcrumb\",\"itemListElement\":[{\"@type\":\"ListItem\",\"position\":1,\"name\":\"Startseite\",\"item\":\"https:\/\/impactnavigator.de\/\"},{\"@type\":\"ListItem\",\"position\":2,\"name\":\"Shop\",\"item\":\"https:\/\/impactnavigator.de\/?page_id=1126\"},{\"@type\":\"ListItem\",\"position\":3,\"name\":\"impactnavigator-Spiel\"}]},{\"@type\":\"WebSite\",\"@id\":\"https:\/\/impactnavigator.de\/#website\",\"url\":\"https:\/\/impactnavigator.de\/\",\"name\":\"impactnavigator\",\"description\":\"Fraunhofer Impact gemeinsam gestalten. Impulse f\u00fcr mehr Impact in der angewandten Forschung.\",\"publisher\":{\"@id\":\"https:\/\/impactnavigator.de\/#organization\"},\"alternateName\":\"Impact Navigator\",\"potentialAction\":[{\"@type\":\"SearchAction\",\"target\":{\"@type\":\"EntryPoint\",\"urlTemplate\":\"https:\/\/impactnavigator.de\/?s={search_term_string}\"},\"query-input\":\"required name=search_term_string\"}],\"inLanguage\":\"en-US\"},{\"@type\":\"Organization\",\"@id\":\"https:\/\/impactnavigator.de\/#organization\",\"name\":\"Fraunhofer-Gesellschaft\",\"url\":\"https:\/\/impactnavigator.de\/\",\"logo\":{\"@type\":\"ImageObject\",\"inLanguage\":\"en-US\",\"@id\":\"https:\/\/impactnavigator.de\/#\/schema\/logo\/image\/\",\"url\":\"https:\/\/impactnavigator.de\/wp-content\/uploads\/2022\/10\/impactnavigator.png\",\"contentUrl\":\"https:\/\/impactnavigator.de\/wp-content\/uploads\/2022\/10\/impactnavigator.png\",\"width\":1603,\"height\":209,\"caption\":\"Fraunhofer-Gesellschaft\"},\"image\":{\"@id\":\"https:\/\/impactnavigator.de\/#\/schema\/logo\/image\/\"}}]}<\/script>\n<!-- \/ Yoast SEO plugin. -->","yoast_head_json":{"title":"impactnavigator-Spiel &ndash; impactnavigator","robots":{"index":"index","follow":"follow","max-snippet":"max-snippet:-1","max-image-preview":"max-image-preview:large","max-video-preview":"max-video-preview:-1"},"canonical":"https:\/\/impactnavigator.de\/?product=impactnavigator-spiel","og_locale":"en_US","og_type":"article","og_title":"impactnavigator-Spiel &ndash; impactnavigator","og_description":"Das Impactnavigator-Spiel hilft Euch bei der Erarbeitung neuer Ans\u00e4tze zur Vergr\u00f6\u00dferung des Impacts Eurer Forschungsprojekte.","og_url":"https:\/\/impactnavigator.de\/?product=impactnavigator-spiel","og_site_name":"impactnavigator","article_modified_time":"2025-10-09T23:44:49+00:00","og_image":[{"width":3543,"height":3543,"url":"https:\/\/impactnavigator.de\/wp-content\/uploads\/2023\/03\/Impactnavigator_Spielbrett.png","type":"image\/png"}],"twitter_card":"summary_large_image","twitter_misc":{"Est. reading time":"1 minute"},"schema":{"@context":"https:\/\/schema.org","@graph":[{"@type":"WebPage","@id":"https:\/\/impactnavigator.de\/?product=impactnavigator-spiel","url":"https:\/\/impactnavigator.de\/?product=impactnavigator-spiel","name":"impactnavigator-Spiel &ndash; impactnavigator","isPartOf":{"@id":"https:\/\/impactnavigator.de\/#website"},"datePublished":"2023-03-10T14:45:33+00:00","dateModified":"2025-10-09T23:44:49+00:00","breadcrumb":{"@id":"https:\/\/impactnavigator.de\/?product=impactnavigator-spiel#breadcrumb"},"inLanguage":"en-US","potentialAction":[{"@type":"ReadAction","target":["https:\/\/impactnavigator.de\/?product=impactnavigator-spiel"]}]},{"@type":"BreadcrumbList","@id":"https:\/\/impactnavigator.de\/?product=impactnavigator-spiel#breadcrumb","itemListElement":[{"@type":"ListItem","position":1,"name":"Startseite","item":"https:\/\/impactnavigator.de\/"},{"@type":"ListItem","position":2,"name":"Shop","item":"https:\/\/impactnavigator.de\/?page_id=1126"},{"@type":"ListItem","position":3,"name":"impactnavigator-Spiel"}]},{"@type":"WebSite","@id":"https:\/\/impactnavigator.de\/#website","url":"https:\/\/impactnavigator.de\/","name":"impactnavigator","description":"Fraunhofer Impact gemeinsam gestalten. Impulse f\u00fcr mehr Impact in der angewandten Forschung.","publisher":{"@id":"https:\/\/impactnavigator.de\/#organization"},"alternateName":"Impact Navigator","potentialAction":[{"@type":"SearchAction","target":{"@type":"EntryPoint","urlTemplate":"https:\/\/impactnavigator.de\/?s={search_term_string}"},"query-input":"required name=search_term_string"}],"inLanguage":"en-US"},{"@type":"Organization","@id":"https:\/\/impactnavigator.de\/#organization","name":"Fraunhofer-Gesellschaft","url":"https:\/\/impactnavigator.de\/","logo":{"@type":"ImageObject","inLanguage":"en-US","@id":"https:\/\/impactnavigator.de\/#\/schema\/logo\/image\/","url":"https:\/\/impactnavigator.de\/wp-content\/uploads\/2022\/10\/impactnavigator.png","contentUrl":"https:\/\/impactnavigator.de\/wp-content\/uploads\/2022\/10\/impactnavigator.png","width":1603,"height":209,"caption":"Fraunhofer-Gesellschaft"},"image":{"@id":"https:\/\/impactnavigator.de\/#\/schema\/logo\/image\/"}}]}},"_links":{"self":[{"href":"https:\/\/impactnavigator.de\/index.php?rest_route=\/wp\/v2\/product\/1140","targetHints":{"allow":["GET"]}}],"collection":[{"href":"https:\/\/impactnavigator.de\/index.php?rest_route=\/wp\/v2\/product"}],"about":[{"href":"https:\/\/impactnavigator.de\/index.php?rest_route=\/wp\/v2\/types\/product"}],"replies":[{"embeddable":true,"href":"https:\/\/impactnavigator.de\/index.php?rest_route=%2Fwp%2Fv2%2Fcomments&post=1140"}],"wp:featuredmedia":[{"embeddable":true,"href":"https:\/\/impactnavigator.de\/index.php?rest_route=\/wp\/v2\/media\/1141"}],"wp:attachment":[{"href":"https:\/\/impactnavigator.de\/index.php?rest_route=%2Fwp%2Fv2%2Fmedia&parent=1140"}],"wp:term":[{"taxonomy":"product_cat","embeddable":true,"href":"https:\/\/impactnavigator.de\/index.php?rest_route=%2Fwp%2Fv2%2Fproduct_cat&post=1140"},{"taxonomy":"product_tag","embeddable":true,"href":"https:\/\/impactnavigator.de\/index.php?rest_route=%2Fwp%2Fv2%2Fproduct_tag&post=1140"}],"curies":[{"name":"wp","href":"https:\/\/api.w.org\/{rel}","templated":true}]}}